{"id":33,"date":"2019-01-21T11:06:12","date_gmt":"2019-01-21T11:06:12","guid":{"rendered":"http:\/\/localhost\/boldman\/boldman-theme\/?page_id=33"},"modified":"2021-09-21T12:25:19","modified_gmt":"2021-09-21T10:25:19","slug":"home-1","status":"publish","type":"page","link":"https:\/\/agbud.pl\/","title":{"rendered":"Strona G\u0142\u00f3wna"},"content":{"rendered":"<p>[vc_row tm_bgimagefixed=&#8221;&#8221; full_width=&#8221;stretch_row&#8221; css=&#8221;.vc_custom_1549878057190{padding-top: 0px !important;padding-bottom: 0px !important;}&#8221;][vc_column][vc_row_inner tm_shadow=&#8221;yes&#8221; equal_height=&#8221;yes&#8221; css=&#8221;.vc_custom_1549878274484{margin-top: -40px !important;margin-right: 1px !important;margin-left: 1px !important;}&#8221; el_class=&#8221;tm-bgcolor-white&#8221; tm_responsive_css=&#8221;80434117|colbreak_no|||||||||colbreak_no|||||||||colbreak_no|10px|-15px||-15px||||||colbreak_no|||||||||&#8221;][vc_column_inner width=&#8221;1\/3&#8243; css=&#8221;.vc_custom_1547540335225{padding-right: 0px !important;padding-left: 0px !important;}&#8221;]<div class=\"tm-sbox tm-sbox-iconalign-top-center none tm-sbox-bgcolor-white tm-bgcolor-white tm-sbox-textcolor- tm-textcolor- tm-sbox-isize-md tm-sbox-isize-md tm-sbox-istyle-boxed vc_custom_1632213076515 tm-bgcolor-yes tm-sbox-heading-only\"><section class=\"tm-vc_cta3-container\"><div class=\"tm-vc_general tm-vc_cta3 tm-vc_cta3-align-left tm-vc_cta3-icon-size-md tm-vc_cta3-icons-top tm-vc_cta3-actions-no\"><div class=\"tm-vc_cta3-icons tm-wrap-cell\"><div class=\"tm-vc_icon_element tm-vc_icon_element-outer tm-vc_icon_element-align-left  tm-vc_icon_element-have-style\"><div class=\"tm-vc_icon_element-inner  tm-vc_icon_element-have-style-inner tm-vc_icon_element-color-white tm-vc_icon_element-size-md tm-vc_icon_element-style-boxed tm-vc_icon_element-background tm-vc_icon_element-background-color-skincolor\" ><span class=\"tm-vc_icon_element-icon themifyicon ti-settings\" ><\/span><\/div><\/div><\/div><div class=\"tm-vc_cta3_content-container\"><div class=\"tm-vc_cta3-content\"><div class=\"tm-vc_cta3-content-header tm-wrap\"><div class=\"tm-vc_cta3-headers tm-wrap-cell\"><h2 class=\"tm-custom-heading \" >PROFESJONALNE<br \/>\nNARZ\u0118DZIA<\/h2>\n<\/div><\/div><\/div><div class=\"tm-cta3-desc-btn-wrapper\"><div class=\"tm-cta3-description\"><\/div><\/div><\/div><\/div><\/section><\/div>[\/vc_column_inner][vc_column_inner tm_shadow=&#8221;yes&#8221; el_class=&#8221;unset-tm-shadow-column-768&#8243; width=&#8221;1\/3&#8243; css=&#8221;.vc_custom_1549975134040{padding-right: 5px !important;padding-left: 5px !important;}&#8221; tm_responsive_css=&#8221;73399938|colbreak_no|||||||||colbreak_no|||||||||colbreak_no|-30px|||||||||colbreak_no|||||||||&#8221;]<div class=\"tm-sbox tm-sbox-iconalign-top-center none tm-sbox-bgcolor-white tm-bgcolor-white tm-sbox-textcolor- tm-textcolor- tm-sbox-isize-md tm-sbox-isize-md tm-sbox-istyle-boxed vc_custom_1632213098363 tm-bgcolor-yes tm-sbox-heading-only\"><section class=\"tm-vc_cta3-container\"><div class=\"tm-vc_general tm-vc_cta3 tm-vc_cta3-align-left tm-vc_cta3-icon-size-md tm-vc_cta3-icons-top tm-vc_cta3-actions-no\"><div class=\"tm-vc_cta3-icons tm-wrap-cell\"><div class=\"tm-vc_icon_element tm-vc_icon_element-outer tm-vc_icon_element-align-left  tm-vc_icon_element-have-style\"><div class=\"tm-vc_icon_element-inner  tm-vc_icon_element-have-style-inner tm-vc_icon_element-color-white tm-vc_icon_element-size-md tm-vc_icon_element-style-boxed tm-vc_icon_element-background tm-vc_icon_element-background-color-skincolor\" ><span class=\"tm-vc_icon_element-icon themifyicon ti-user\" ><\/span><\/div><\/div><\/div><div class=\"tm-vc_cta3_content-container\"><div class=\"tm-vc_cta3-content\"><div class=\"tm-vc_cta3-content-header tm-wrap\"><div class=\"tm-vc_cta3-headers tm-wrap-cell\"><h2 class=\"tm-custom-heading \" >WYKWALIFIKOWANA<br \/>\nKADRA<\/h2>\n<\/div><\/div><\/div><div class=\"tm-cta3-desc-btn-wrapper\"><div class=\"tm-cta3-description\"><\/div><\/div><\/div><\/div><\/section><\/div>[\/vc_column_inner][vc_column_inner width=&#8221;1\/3&#8243; css=&#8221;.vc_custom_1549975142566{padding-right: 0px !important;padding-left: 0px !important;}&#8221; tm_responsive_css=&#8221;82659061|colbreak_no|||||||||colbreak_no|||||||||colbreak_no|-30px|||||||||colbreak_no|||||||||&#8221;]<div class=\"tm-sbox tm-sbox-iconalign-top-center none tm-sbox-bgcolor-white tm-bgcolor-white tm-sbox-textcolor- tm-textcolor- tm-sbox-isize-md tm-sbox-isize-md tm-sbox-istyle-boxed vc_custom_1632213113594 tm-bgcolor-yes tm-sbox-heading-only\"><section class=\"tm-vc_cta3-container\"><div class=\"tm-vc_general tm-vc_cta3 tm-vc_cta3-align-left tm-vc_cta3-icon-size-md tm-vc_cta3-icons-top tm-vc_cta3-actions-no\"><div class=\"tm-vc_cta3-icons tm-wrap-cell\"><div class=\"tm-vc_icon_element tm-vc_icon_element-outer tm-vc_icon_element-align-left  tm-vc_icon_element-have-style\"><div class=\"tm-vc_icon_element-inner  tm-vc_icon_element-have-style-inner tm-vc_icon_element-color-white tm-vc_icon_element-size-md tm-vc_icon_element-style-boxed tm-vc_icon_element-background tm-vc_icon_element-background-color-skincolor\" ><span class=\"tm-vc_icon_element-icon themifyicon ti-thumb-up\" ><\/span><\/div><\/div><\/div><div class=\"tm-vc_cta3_content-container\"><div class=\"tm-vc_cta3-content\"><div class=\"tm-vc_cta3-content-header tm-wrap\"><div class=\"tm-vc_cta3-headers tm-wrap-cell\"><h2 class=\"tm-custom-heading \" >ZADOWOLENI<br \/>\nKLIENCI<\/h2>\n<\/div><\/div><\/div><div class=\"tm-cta3-desc-btn-wrapper\"><div class=\"tm-cta3-description\"><\/div><\/div><\/div><\/div><\/section><\/div>[\/vc_column_inner][\/vc_row_inner][\/vc_column][\/vc_row][vc_row tm_bgimagefixed=&#8221;&#8221; break_in_responsive=&#8221;991&#8243; full_width=&#8221;stretch_row&#8221; css=&#8221;.vc_custom_1632215470550{margin-top: 5px !important;padding-top: 95px !important;padding-bottom: 120px !important;background-image: url(https:\/\/agbud.pl\/wp-content\/uploads\/2019\/02\/row-bg-one.png?id=3511) !important;background-position: center !important;background-repeat: no-repeat !important;background-size: cover !important;}&#8221; tm_responsive_css=&#8221;48931351|colbreak_no|||||||||colbreak_no|||||40px||0px||colbreak_no|0px||||10px|||||colbreak_no|||||||||&#8221; el_id=&#8221;firma&#8221;][vc_column reduce_extra_padding=&#8221;991&#8243; width=&#8221;5\/12&#8243; tm_responsive_css=&#8221;30619759|colbreak_no|||||||||colbreak_no||||0px|||||colbreak_no||||||||||colbreak_no|||||||||&#8221;][vc_single_image image=&#8221;3959&#8243; img_size=&#8221;large&#8221; alignment=&#8221;center&#8221;][\/vc_column][vc_column reduce_extra_padding=&#8221;991&#8243; width=&#8221;7\/12&#8243; tm_responsive_css=&#8221;98608335|colbreak_no|||||||||colbreak_no|||||||||colbreak_no||||||||||colbreak_no|||||||||&#8221;][vc_row_inner][vc_column_inner css=&#8221;.vc_custom_1547715932430{padding-right: 25px !important;}&#8221;][vc_empty_space height=&#8221;50px&#8221;]<div class=\"tm-element-heading-wrapper tm-heading-inner tm-element-align-left tm-seperator-solid tm-heading-style-vertical \"><section class=\"tm-vc_cta3-container\"><div class=\"tm-vc_general tm-vc_cta3 tm-cta3-only tm-vc_cta3-style-classic tm-vc_cta3-shape-rounded tm-vc_cta3-align-left tm-vc_cta3-color-transparent tm-vc_cta3-icon-size-md tm-vc_cta3-actions-no tm-cta3-without-desc\"><div class=\"tm-vc_cta3_content-container\"><div class=\"tm-vc_cta3-content\"><header class=\"tm-vc_cta3-content-header tm-wrap\"><div class=\"tm-vc_cta3-headers tm-wrap-cell\"><h4 class=\"tm-custom-heading \" >POZNAJ NAS<\/h4>\n<h2 class=\"tm-custom-heading \" >D\u017awigi AgBud TRASTAL Rzesz\u00f3w<\/h2>\n<\/div><\/header><\/div><\/div><\/div><\/section><\/div> <!-- .tm-element-heading-wrapper container --> <p style=\"text-align:left;font-family:'Poppins',Arial,Helvetica;font-weight:600;\" class=\"tm-custom-heading vc_custom_1632213314127\" >Trastal to us\u0142ugi d\u017awigowe w Rzeszowie. Firma od lat zatrudnia wielu wykwalifikowanych operator\u00f3w, kt\u00f3rzy obs\u0142uguj\u0105 wynajem d\u017awig\u00f3w w Rzeszowie i nie tylko. Wynajmujemy d\u017awigi w Rzeszowie i okolicach, ale zdarzaj\u0105 si\u0119 tak\u017ce wynajmy w innych cz\u0119\u015bciach regionu. Nasze d\u017awigi s\u0105 wykorzystywane w zak\u0142adach przemys\u0142owych, przy remontach i budowie most\u00f3w, a tak\u017ce na budowach osiedli mieszkaniowych.<\/p>\n[vc_column_text]<\/p>\n<p style=\"text-align: justify;\">Ponad 40 lat do\u015bwiadcze\u0144 nauczy\u0142o nas profesjonalnego podej\u015bcia do maszyn i obs\u0142ugi klienta, a ka\u017cdy d\u017awig wynaj\u0119ty w Rzeszowie i okolicach przynosi naszym Klientom zadowolenie i sprawn\u0105 prac\u0119. Wszystkie nasze d\u017awigi s\u0105 w stanie u\u0142atwi\u0107 prace logistyczne na budowie niezale\u017cnie od jej rodzaju.<\/p>\n<p>[\/vc_column_text][\/vc_column_inner][\/vc_row_inner][\/vc_column][\/vc_row][vc_row tm_bgimagefixed=&#8221;&#8221; break_in_responsive=&#8221;1200&#8243; full_width=&#8221;stretch_row&#8221; equal_height=&#8221;yes&#8221; css=&#8221;.vc_custom_1632215487688{margin-top: -70px !important;padding-top: 0px !important;padding-bottom: 0px !important;}&#8221; tm_responsive_css=&#8221;75528216|colbreak_no|||||||||colbreak_no|0px||||||||colbreak_no||||||||||colbreak_no|||||||||&#8221; el_id=&#8221;oferta&#8221;][vc_column tm_bgcolor=&#8221;skincolor&#8221; reduce_extra_padding=&#8221;991&#8243; tm_col_bg_expand=&#8221;left&#8221; width=&#8221;1\/2&#8243; css=&#8221;.vc_custom_1548666222506{margin-top: 70px !important;padding-top: 80px !important;padding-right: 70px !important;padding-bottom: 17px !important;}&#8221; tm_responsive_css=&#8221;61385817|colbreak_no|||||||||colbreak_no|40px||||50px|15px|0px||colbreak_no||||||||||colbreak_no|||||||||&#8221;]<div class=\"tm-element-heading-wrapper tm-heading-inner tm-element-align-left tm-seperator-solid tm-heading-style-vertical \"><section class=\"tm-vc_cta3-container\"><div class=\"tm-vc_general tm-vc_cta3 tm-cta3-only tm-vc_cta3-style-classic tm-vc_cta3-shape-rounded tm-vc_cta3-align-left tm-vc_cta3-color-transparent tm-vc_cta3-icon-size-md tm-vc_cta3-actions-no tm-cta3-without-desc\"><div class=\"tm-vc_cta3_content-container\"><div class=\"tm-vc_cta3-content\"><header class=\"tm-vc_cta3-content-header tm-wrap\"><div class=\"tm-vc_cta3-headers tm-wrap-cell\"><h4 class=\"tm-custom-heading \" >W NASZEJ OFERCIE<\/h4>\n<h2 class=\"tm-custom-heading \" >Us\u0142ugi d\u017awigowe Rzesz\u00f3w<\/h2>\n<\/div><\/header><\/div><\/div><\/div><\/section><\/div> <!-- .tm-element-heading-wrapper container --> <p style=\"text-align:left;color:#ffffff;font-family:'Poppins',Arial,Helvetica;font-weight:600;\" class=\"tm-custom-heading vc_custom_1632215223957\" >Nasze d\u017awigi przystosowane s\u0105 do pracy na r\u00f3\u017cnych wysoko\u015bciach i przy rozmaitych obci\u0105\u017ceniach. Ud\u017awig naszych maszyn mie\u015bci si\u0119 w granicach od 8 do 220 ton, a wi\u0119c wynajem naszych d\u017awig\u00f3w daje wszechstronne mo\u017cliwo\u015bci.<\/p>\n<p style=\"text-align:left;color:#ffffff;font-family:'Poppins',Arial,Helvetica;font-weight:600;\" class=\"tm-custom-heading vc_custom_1632215201950\" >Wszystkie d\u017awigi poddajemy cyklicznym testom technicznym, a nasi specjali\u015bci od maszyn i urz\u0105dze\u0144 konserwuj\u0105 je na bie\u017c\u0105co. Przed ka\u017cdym wynajmem d\u017awig\u00f3w upewniamy si\u0119, \u017ce nasz sprz\u0119t jest bezpieczny i w pe\u0142ni gotowy do pracy.<\/p>\n<p style=\"text-align:left;color:#ffffff;font-family:'Poppins',Arial,Helvetica;font-weight:600;\" class=\"tm-custom-heading vc_custom_1632215207528\" >Rzesz\u00f3w i place budowy to ju\u017c niemal synonimy, a tam, gdzie budowa, tam s\u0105 tak\u017ce d\u017awigi. Gwarantujemy najwy\u017csz\u0105 jako\u015b\u0107 obs\u0142ugi i wynajem d\u017awig\u00f3w dla niemal wszystkich potrzeb. Zadbamy o innowacyjno\u015b\u0107 rozwi\u0105za\u0144, a ka\u017cdy nasz d\u017awig spe\u0142ni Twoje oczekiwania.<\/p>\n[\/vc_column][vc_column reduce_extra_padding=&#8221;991&#8243; tm_col_bg_expand=&#8221;right&#8221; tm_bgimage_position=&#8221;right_center&#8221; width=&#8221;1\/2&#8243; css=&#8221;.vc_custom_1632214772090{background-image: url(https:\/\/agbud.pl\/wp-content\/uploads\/2021\/09\/grove-gmk-3050-1-scaled.jpg?id=3963) !important;background-position: center !important;background-repeat: no-repeat !important;background-size: cover !important;}&#8221;][\/vc_column][\/vc_row][vc_row][vc_column][\/vc_column][\/vc_row]<\/p>\n","protected":false},"excerpt":{"rendered":"<p>[vc_row tm_bgimagefixed=&#8221;&#8221; full_width=&#8221;stretch_row&#8221; css=&#8221;.vc_custom_1549878057190{padding-top: 0px !important;padding-bottom: 0px !important;}&#8221;][vc_column][vc_row_inner tm_shadow=&#8221;yes&#8221; equal_height=&#8221;yes&#8221; css=&#8221;.vc_custom_1549878274484{margin-top: -40px !important;margin-right: 1px !important;margin-left: 1px !important;}&#8221; el_class=&#8221;tm-bgcolor-white&#8221; tm_responsive_css=&#8221;80434117|colbreak_no|||||||||colbreak_no|||||||||colbreak_no|10px|-15px||-15px||||||colbreak_no|||||||||&#8221;][vc_column_inner width=&#8221;1\/3&#8243; css=&#8221;.vc_custom_1547540335225{padding-right: 0px !important;padding-left: 0px !important;}&#8221;][\/vc_column_inner][vc_column_inner tm_shadow=&#8221;yes&#8221; el_class=&#8221;unset-tm-shadow-column-768&#8243; width=&#8221;1\/3&#8243; css=&#8221;.vc_custom_1549975134040{padding-right: 5px !important;padding-left: 5px !important;}&#8221; tm_responsive_css=&#8221;73399938|colbreak_no|||||||||colbreak_no|||||||||colbreak_no|-30px|||||||||colbreak_no|||||||||&#8221;][\/vc_column_inner][vc_column_inner width=&#8221;1\/3&#8243; css=&#8221;.vc_custom_1549975142566{padding-right: 0px !important;padding-left: 0px !important;}&#8221; tm_responsive_css=&#8221;82659061|colbreak_no|||||||||colbreak_no|||||||||colbreak_no|-30px|||||||||colbreak_no|||||||||&#8221;][\/vc_column_inner][\/vc_row_inner][\/vc_column][\/vc_row][vc_row tm_bgimagefixed=&#8221;&#8221; break_in_responsive=&#8221;991&#8243; full_width=&#8221;stretch_row&#8221; css=&#8221;.vc_custom_1632215470550{margin-top: 5px !important;padding-top: 95px !important;padding-bottom: 120px !important;background-image: url(https:\/\/agbud.pl\/wp-content\/uploads\/2019\/02\/row-bg-one.png?id=3511) !important;background-position: center !important;background-repeat: &hellip; <a href=\"https:\/\/agbud.pl\/\" class=\"more-link\">Continue reading <span class=\"screen-reader-text\">Strona G\u0142\u00f3wna<\/span><\/a><\/p>\n","protected":false},"author":1,"featured_media":0,"parent":0,"menu_order":1,"comment_status":"closed","ping_status":"closed","template":"","meta":{"footnotes":""},"class_list":["post-33","page","type-page","status-publish","hentry"],"_links":{"self":[{"href":"https:\/\/agbud.pl\/index.php?rest_route=\/wp\/v2\/pages\/33","targetHints":{"allow":["GET"]}}],"collection":[{"href":"https:\/\/agbud.pl\/index.php?rest_route=\/wp\/v2\/pages"}],"about":[{"href":"https:\/\/agbud.pl\/index.php?rest_route=\/wp\/v2\/types\/page"}],"author":[{"embeddable":true,"href":"https:\/\/agbud.pl\/index.php?rest_route=\/wp\/v2\/users\/1"}],"replies":[{"embeddable":true,"href":"https:\/\/agbud.pl\/index.php?rest_route=%2Fwp%2Fv2%2Fcomments&post=33"}],"version-history":[{"count":20,"href":"https:\/\/agbud.pl\/index.php?rest_route=\/wp\/v2\/pages\/33\/revisions"}],"predecessor-version":[{"id":3981,"href":"https:\/\/agbud.pl\/index.php?rest_route=\/wp\/v2\/pages\/33\/revisions\/3981"}],"wp:attachment":[{"href":"https:\/\/agbud.pl\/index.php?rest_route=%2Fwp%2Fv2%2Fmedia&parent=33"}],"curies":[{"name":"wp","href":"https:\/\/api.w.org\/{rel}","templated":true}]}}